{"id":126,"date":"2012-02-28T23:35:43","date_gmt":"2012-02-28T23:35:43","guid":{"rendered":"http:\/\/themes.slicetheme.com\/escape\/?page_id=126"},"modified":"2020-05-19T10:14:26","modified_gmt":"2020-05-19T08:14:26","slug":"home-example-3","status":"publish","type":"page","link":"https:\/\/www.taeuber-meistring.de\/","title":{"rendered":"HOME"},"content":{"rendered":"<div id=\"tdi_1\" class=\"tdc-zone\"><div class=\"tdc_zone tdi_2  wpb_row td-pb-row\"  >\n<style scoped>\n\/* custom css - generated by TagDiv Composer *\/\n\n\/* custom css - generated by TagDiv Composer *\/\n\/* custom css - generated by TagDiv Composer *\/\n.tdi_2{\r\n                    min-height: 0;\r\n                }\n<\/style><div id=\"tdi_3\" class=\"tdc-row\"><div class=\"vc_row tdi_4  wpb_row td-pb-row\" >\n<style scoped>\n\/* custom css - generated by TagDiv Composer *\/\n\n\/* custom css - generated by TagDiv Composer *\/\n\/* custom css - generated by TagDiv Composer *\/\n.tdi_4,\r\n                .tdi_4 .tdc-columns{\r\n                    min-height: 0;\r\n                }.tdi_4,\r\n\t\t\t\t.tdi_4 .tdc-columns{\r\n\t\t\t\t    display: block;\r\n\t\t\t\t}.tdi_4 .tdc-columns{\r\n\t\t\t\t    width: 100%;\r\n\t\t\t\t}\n\/* inline tdc_css att - generated by TagDiv Composer *\/\n\n.tdi_4{\nmargin-top:-45px !important;\n}\n\n.tdi_4 .td_block_wrap{ text-align:left }\n\n<\/style><div class=\"vc_column tdi_6  wpb_column vc_column_container tdc-column td-pb-span12\">\n<style scoped>\n\/* custom css - generated by TagDiv Composer *\/\n\n\/* custom css - generated by TagDiv Composer *\/\n\/* custom css - generated by TagDiv Composer *\/\n.tdi_6{\r\n                    vertical-align: baseline;\r\n                }.tdi_6 > .wpb_wrapper,\r\n\t\t\t\t.tdi_6 > .wpb_wrapper > .tdc-elements{\r\n\t\t\t\t    display: block;\r\n\t\t\t\t}.tdi_6 > .wpb_wrapper > .tdc-elements{\r\n\t\t\t\t    width: 100%;\r\n\t\t\t\t}.tdi_6 > .wpb_wrapper > .vc_row_inner{\r\n\t\t\t\t    width: auto;\r\n\t\t\t\t}.tdi_6 > .wpb_wrapper{\r\n\t\t\t\t    width: auto;\r\n\t\t\t\t    height: auto;\r\n\t\t\t\t}\n<\/style><div class=\"wpb_wrapper\" >\n\t\t\t<!-- START HomeSlider REVOLUTION SLIDER 6.6.19 --><p class=\"rs-p-wp-fix\"><\/p>\n\t\t\t<rs-module-wrap id=\"rev_slider_1_1_wrapper\" data-source=\"gallery\" data-aimg=\"\"  style=\"visibility:hidden;background:#E9E9E9;padding:0;margin:0px auto;margin-top:0;margin-bottom:0;\">\n\t\t\t\t<rs-module id=\"rev_slider_1_1\" style=\"\" data-version=\"6.6.19\">\n\t\t\t\t\t<rs-slides style=\"overflow: hidden; position: absolute;\">\n\t\t\t\t\t\t<rs-slide style=\"position: absolute;\" data-key=\"rs-1\" data-title=\"Slide\" data-thumb=\"\/\/www.taeuber-meistring.de\/wp-content\/uploads\/2014\/05\/Slider_img_1-e1400672858609-100x50.jpg\" data-in=\"o:-0.5;sx:1.6;sy:1.6;e:power0.inOut;\" data-out=\"o:0;sx:0.6;sy:0.6;\">\n\t\t\t\t\t\t\t<img decoding=\"async\" src=\"\/\/www.taeuber-meistring.de\/wp-content\/plugins\/revslider\/public\/assets\/assets\/dummy.png\" alt=\"\" title=\"HOME\" class=\"rev-slidebg tp-rs-img rs-lazyload\" data-lazyload=\"\/\/www.taeuber-meistring.de\/wp-content\/uploads\/2014\/05\/Slider_img_1-e1400672858609.jpg\" data-bg=\"p:center bottom;\" data-no-retina>\n<!---->\t\t\t\t\t\t<\/rs-slide>\n\t\t\t\t\t\t<rs-slide style=\"position: absolute;\" data-key=\"rs-10\" data-title=\"Slide\" data-thumb=\"\/\/www.taeuber-meistring.de\/wp-content\/uploads\/2020\/03\/CC_18.11.15_9039_1920-100x50.jpg\" data-anim=\"ms:900;r:0;\" data-in=\"o:0;\" data-out=\"a:false;\">\n\t\t\t\t\t\t\t<img decoding=\"async\" src=\"\/\/www.taeuber-meistring.de\/wp-content\/plugins\/revslider\/public\/assets\/assets\/dummy.png\" alt=\"\" title=\"CC_18.11.15_9039_1920\" width=\"1920\" height=\"1679\" class=\"rev-slidebg tp-rs-img rs-lazyload\" data-lazyload=\"\/\/www.taeuber-meistring.de\/wp-content\/uploads\/2020\/03\/CC_18.11.15_9039_1920.jpg\" data-no-retina>\n<!---->\t\t\t\t\t\t<\/rs-slide>\n\t\t\t\t\t\t<rs-slide style=\"position: absolute;\" data-key=\"rs-11\" data-title=\"Slide\" data-thumb=\"\/\/www.taeuber-meistring.de\/wp-content\/uploads\/2014\/09\/Bild_1-100x50.jpg\" data-anim=\"ms:900;r:0;\" data-in=\"o:0;\" data-out=\"a:false;\">\n\t\t\t\t\t\t\t<img decoding=\"async\" src=\"\/\/www.taeuber-meistring.de\/wp-content\/plugins\/revslider\/public\/assets\/assets\/dummy.png\" alt=\"\" title=\"HOME\" class=\"rev-slidebg tp-rs-img rs-lazyload\" data-lazyload=\"\/\/www.taeuber-meistring.de\/wp-content\/uploads\/2014\/09\/Bild_1.jpg\" data-no-retina>\n<!---->\t\t\t\t\t\t<\/rs-slide>\n\t\t\t\t\t\t<rs-slide style=\"position: absolute;\" data-key=\"rs-12\" data-title=\"Slide\" data-thumb=\"\/\/www.taeuber-meistring.de\/wp-content\/uploads\/2014\/09\/Bild_4-100x50.jpg\" data-anim=\"ms:900;r:0;\" data-in=\"o:0;\" data-out=\"a:false;\">\n\t\t\t\t\t\t\t<img decoding=\"async\" src=\"\/\/www.taeuber-meistring.de\/wp-content\/plugins\/revslider\/public\/assets\/assets\/dummy.png\" alt=\"\" title=\"HOME\" class=\"rev-slidebg tp-rs-img rs-lazyload\" data-lazyload=\"\/\/www.taeuber-meistring.de\/wp-content\/uploads\/2014\/09\/Bild_4.jpg\" data-no-retina>\n<!---->\t\t\t\t\t\t<\/rs-slide>\n\t\t\t\t\t<\/rs-slides>\n\t\t\t\t<\/rs-module>\n\t\t\t\t<script>\n\t\t\t\t\tsetREVStartSize({c: 'rev_slider_1_1',rl:[1240,1240,1240,480],el:[300,300,300,720],gw:[1230,1230,1230,480],gh:[300,300,300,720],type:'standard',justify:'',layout:'fullwidth',mh:\"0\"});if (window.RS_MODULES!==undefined && window.RS_MODULES.modules!==undefined && window.RS_MODULES.modules[\"revslider11\"]!==undefined) {window.RS_MODULES.modules[\"revslider11\"].once = false;window.revapi1 = undefined;if (window.RS_MODULES.checkMinimal!==undefined) window.RS_MODULES.checkMinimal()}\n\t\t\t\t<\/script>\n\t\t\t<\/rs-module-wrap>\n\t\t\t<!-- END REVOLUTION SLIDER -->\n<\/div><\/div><\/div><\/div><div id=\"tdi_7\" class=\"tdc-row\"><div class=\"vc_row tdi_8  wpb_row td-pb-row\" >\n<style scoped>\n\/* custom css - generated by TagDiv Composer *\/\n\n\/* custom css - generated by TagDiv Composer *\/\n\/* custom css - generated by TagDiv Composer *\/\n.tdi_8,\r\n                .tdi_8 .tdc-columns{\r\n                    min-height: 0;\r\n                }.tdi_8,\r\n\t\t\t\t.tdi_8 .tdc-columns{\r\n\t\t\t\t    display: block;\r\n\t\t\t\t}.tdi_8 .tdc-columns{\r\n\t\t\t\t    width: 100%;\r\n\t\t\t\t}\n\/* inline tdc_css att - generated by TagDiv Composer *\/\n\n.tdi_8{\npadding-top:50px !important;\n}\n\n.tdi_8 .td_block_wrap{ text-align:left }\n\n<\/style><div class=\"vc_column tdi_10  wpb_column vc_column_container tdc-column td-pb-span12\">\n<style scoped>\n\/* custom css - generated by TagDiv Composer *\/\n\n\/* custom css - generated by TagDiv Composer *\/\n\/* custom css - generated by TagDiv Composer *\/\n.tdi_10{\r\n                    vertical-align: baseline;\r\n                }.tdi_10 > .wpb_wrapper,\r\n\t\t\t\t.tdi_10 > .wpb_wrapper > .tdc-elements{\r\n\t\t\t\t    display: block;\r\n\t\t\t\t}.tdi_10 > .wpb_wrapper > .tdc-elements{\r\n\t\t\t\t    width: 100%;\r\n\t\t\t\t}.tdi_10 > .wpb_wrapper > .vc_row_inner{\r\n\t\t\t\t    width: auto;\r\n\t\t\t\t}.tdi_10 > .wpb_wrapper{\r\n\t\t\t\t    width: auto;\r\n\t\t\t\t    height: auto;\r\n\t\t\t\t}\n<\/style><div class=\"wpb_wrapper\" ><div class=\"vc_row_inner tdi_12  vc_row vc_inner wpb_row td-pb-row\" >\n<style scoped>\n\/* custom css - generated by TagDiv Composer *\/\n\n\/* custom css - generated by TagDiv Composer *\/\n\/* custom css - generated by TagDiv Composer *\/\n.tdi_12{\r\n                    position: relative !important;\r\n                    top: 0;\r\n                    transform: none;\r\n                    -webkit-transform: none;\r\n                }.tdi_12,\r\n\t\t\t\t.tdi_12 .tdc-inner-columns{\r\n\t\t\t\t    display: block;\r\n\t\t\t\t}.tdi_12 .tdc-inner-columns{\r\n\t\t\t\t    width: 100%;\r\n\t\t\t\t}\n\/* inline tdc_css att - generated by TagDiv Composer *\/\n\n.tdi_12{\nmargin-left:1px !important;\nborder-color:#dd3333 !important;\nborder-style:solid !important;\nborder-width: 0px 0px 0px 4px !important;\n}\n\n.tdi_12 .td_block_wrap{ text-align:left }\n\n\/* phone *\/\n@media (max-width: 767px)\n{\n.tdi_12{\npadding-left:10px !important;\nwidth:100% !important;\n}\n}\n\n<\/style><div class=\"vc_column_inner tdi_14  wpb_column vc_column_container tdc-inner-column td-pb-span12\">\n<style scoped>\n\/* custom css - generated by TagDiv Composer *\/\n\n\/* custom css - generated by TagDiv Composer *\/\n\/* custom css - generated by TagDiv Composer *\/\n.tdi_14{\r\n                    vertical-align: baseline;\r\n                }.tdi_14 .vc_column-inner > .wpb_wrapper,\r\n\t\t\t\t.tdi_14 .vc_column-inner > .wpb_wrapper .tdc-elements{\r\n\t\t\t\t    display: block;\r\n\t\t\t\t}.tdi_14 .vc_column-inner > .wpb_wrapper .tdc-elements{\r\n\t\t\t\t    width: 100%;\r\n\t\t\t\t}\n<\/style><div class=\"vc_column-inner\"><div class=\"wpb_wrapper\" ><div class=\"td_block_wrap td_block_title tdi_15 td-pb-border-top td_block_template_2 td-fix-index\"  data-td-block-uid=\"tdi_15\" >\n<style>\n\/* custom css - generated by TagDiv Composer *\/\n.td_block_template_2.widget > ul > li {\r\n                margin-left: 0 !important;\r\n            }\r\n            \r\n            .td_block_template_2 .td-block-title {\r\n                font-size: 17px;\r\n                font-weight: 500;\r\n                margin-top: 0;\r\n                margin-bottom: 16px;\r\n                line-height: 31px;\r\n                text-align: left;\r\n            }\r\n            .td_block_template_2 .td-block-title > * {\r\n                color: var(--td_text_header_color, #000);\r\n            }\r\n            .td_block_template_2 .td-related-title a {\r\n                padding: 0 20px 0 0;\r\n            }\r\n            @media (max-width: 767px) {\r\n                .td_block_template_2 .td-related-title a {\r\n                    font-size: 15px;\r\n                }\r\n            }\r\n            .td_block_template_2 .td-related-title .td-cur-simple-item {\r\n                color: var(--td_theme_color, #4db2ec);\r\n            }\n\/* inline tdc_css att - generated by TagDiv Composer *\/\n\n.tdi_15{\npadding-top:20px !important;\n}\n\n<\/style>\n<style>\n\/* custom css - generated by TagDiv Composer *\/\n\/* custom css - generated by TagDiv Composer *\/\nbody .tdi_15 .td-block-title a,\r\n\t\t\t\tbody .tdi_15 .td-block-title span{\r\n\t\t\t\t\tfont-size:18px !important;font-weight:400 !important;text-transform:none !important;\r\n\t\t\t\t}\n<\/style><div class=\"td-block-title-wrap\"><h4 class=\"td-block-title\"><span class=\"td-pulldown-size\">F\u00fcr uns ist jedes Projekt so einzigartig wie seine Bewohner und der Ort an dem es steht.<\/span><\/h4><\/div><\/div><div class=\"td_block_wrap td_block_title tdi_16 td-pb-border-top td_block_template_2 td-fix-index\"  data-td-block-uid=\"tdi_16\" >\n<style>\n\/* custom css - generated by TagDiv Composer *\/\n\n\/* inline tdc_css att - generated by TagDiv Composer *\/\n\n.tdi_16{\nmargin-top:-25px !important;\n}\n\n<\/style>\n<style>\n\/* custom css - generated by TagDiv Composer *\/\n\/* custom css - generated by TagDiv Composer *\/\nbody .tdi_16 .td-block-title a,\r\n\t\t\t\tbody .tdi_16 .td-block-title span{\r\n\t\t\t\t\tfont-size:18px !important;font-weight:400 !important;text-transform:none !important;\r\n\t\t\t\t}\n<\/style><div class=\"td-block-title-wrap\"><h4 class=\"td-block-title\"><span class=\"td-pulldown-size\">Einfache und klare Architektur und Bauweise geben Sicherheit und schaffen Atmosph\u00e4re.<\/span><\/h4><\/div><\/div><div class=\"td_block_wrap td_block_title tdi_17 td-pb-border-top td_block_template_2 td-fix-index\"  data-td-block-uid=\"tdi_17\" >\n<style>\n\/* custom css - generated by TagDiv Composer *\/\n\n\/* inline tdc_css att - generated by TagDiv Composer *\/\n\n.tdi_17{\nmargin-top:-25px !important;\n}\n\n<\/style>\n<style>\n\/* custom css - generated by TagDiv Composer *\/\n\/* custom css - generated by TagDiv Composer *\/\nbody .tdi_17 .td-block-title a,\r\n\t\t\t\tbody .tdi_17 .td-block-title span{\r\n\t\t\t\t\tfont-size:18px !important;font-weight:400 !important;text-transform:none !important;\r\n\t\t\t\t}\n<\/style><div class=\"td-block-title-wrap\"><h4 class=\"td-block-title\"><span class=\"td-pulldown-size\">Die Verwendung nat\u00fcrlicher, resourcenschonender Baustoffe ist f\u00fcr uns ein Ausdruck von Qualit\u00e4t. Holz unterst\u00fctzt unser Anliegen, zeitgem\u00e4\u00df zu bauen: gesund \u2013 \u00f6kologisch \u2013 einfach.<\/span><\/h4><\/div><\/div><div class=\"tdm_block td_block_wrap tdm_block_column_title tdi_18 tdm-content-horiz-left td-pb-border-top td_block_template_1\"  data-td-block-uid=\"tdi_18\" >\n<style>\n\n\/* inline tdc_css att - generated by TagDiv Composer *\/\n\n.tdi_18{\nmargin-top:-25px !important;\npadding-bottom:-20px !important;\n}\n\n<\/style>\n<style>\n\/* custom css - generated by TagDiv Composer *\/\n\/* custom css - generated by TagDiv Composer *\/\n.tdm_block_column_title{\r\n                  margin-bottom: 0;\r\n                  display: inline-block;\r\n                  width: 100%;\r\n                }\n<\/style><div class=\"td-block-row\"><div class=\"td-block-span12 tdm-col\">\n<style>\n\/* custom css - generated by TagDiv Composer *\/\n\/* custom css - generated by TagDiv Composer *\/\n.tdi_19 .tdm-title{\r\n\t\t\t\t\tfont-weight:300 !important;\r\n\t\t\t\t}\n<\/style><div class=\"tds-title tds-title1 td-fix-index tdi_19 \"><h3 class=\"tdm-title tdm-title-md\">Wir schaffen Lebensr\u00e4ume<\/h3><\/div><\/div><\/div><\/div><\/div><\/div><\/div><\/div><div class=\"wpb_wrapper td_block_empty_space td_block_wrap vc_empty_space tdi_21 \"  style=\"height: 32px\">\n<style scoped>\n\/* custom css - generated by TagDiv Composer *\/\n\n\/* inline tdc_css att - generated by TagDiv Composer *\/\n\n.tdi_21{\npadding-bottom:100px !important;\n}\n\n<\/style><\/div><\/div><\/div><\/div><\/div><div id=\"tdi_22\" class=\"tdc-row stretch_row_content td-stretch-content\"><div class=\"vc_row tdi_23  wpb_row td-pb-row tdc-element-style\" >\n<style scoped>\n\/* custom css - generated by TagDiv Composer *\/\n\n\/* custom css - generated by TagDiv Composer *\/\n\/* custom css - generated by TagDiv Composer *\/\n.tdi_23,\r\n                .tdi_23 .tdc-columns{\r\n                    min-height: 0;\r\n                }.tdi_23,\r\n\t\t\t\t.tdi_23 .tdc-columns{\r\n\t\t\t\t    display: block;\r\n\t\t\t\t}.tdi_23 .tdc-columns{\r\n\t\t\t\t    width: 100%;\r\n\t\t\t\t}\n\/* inline tdc_css att - generated by TagDiv Composer *\/\n\n.tdi_23{\npadding-bottom:550px !important;\nposition:relative;\n}\n\n.tdi_23 .td_block_wrap{ text-align:left }\n\n<\/style>\n<div class=\"tdi_22_rand_style td-element-style\" ><div class=\"td-element-style-before\"><style>\n\/* custom css - generated by TagDiv Composer *\/\n\n.tdi_22_rand_style > .td-element-style-before {\ncontent:'' !important;\nwidth:100% !important;\nheight:100% !important;\nposition:absolute !important;\ntop:0 !important;\nleft:0 !important;\ndisplay:block !important;\nz-index:0 !important;\nbackground-image:url(\"https:\/\/www.taeuber-meistring.de\/wp-content\/uploads\/2014\/09\/Ref_Hoelscher_CR_1.jpg\") !important;\nbackground-position:center center !important;\nbackground-size:cover !important;\n}\n<\/style><\/div><\/div><div class=\"vc_column tdi_25  wpb_column vc_column_container tdc-column td-pb-span12\">\n<style scoped>\n\/* custom css - generated by TagDiv Composer *\/\n\n\/* custom css - generated by TagDiv Composer *\/\n\/* custom css - generated by TagDiv Composer *\/\n.tdi_25{\r\n                    vertical-align: baseline;\r\n                }.tdi_25 > .wpb_wrapper,\r\n\t\t\t\t.tdi_25 > .wpb_wrapper > .tdc-elements{\r\n\t\t\t\t    display: block;\r\n\t\t\t\t}.tdi_25 > .wpb_wrapper > .tdc-elements{\r\n\t\t\t\t    width: 100%;\r\n\t\t\t\t}.tdi_25 > .wpb_wrapper > .vc_row_inner{\r\n\t\t\t\t    width: auto;\r\n\t\t\t\t}.tdi_25 > .wpb_wrapper{\r\n\t\t\t\t    width: auto;\r\n\t\t\t\t    height: auto;\r\n\t\t\t\t}\n<\/style><div class=\"wpb_wrapper\" ><\/div><\/div><\/div><\/div>\r\n\t\t\t<script>\r\n\r\n\t\t\t\tjQuery(window).ready(function () {\r\n\r\n\t\t\t\t\t\/\/ We need timeout because the content must be rendered and interpreted on client\r\n\t\t\t\t\tsetTimeout(function () {\r\n\r\n\t\t\t\t\t\tvar $content = jQuery('body').find('#tdc-live-iframe'),\r\n\t\t\t\t\t\t\trefWindow = undefined;\r\n\r\n\t\t\t\t\t\tif ($content.length) {\r\n\t\t\t\t\t\t\t$content = $content.contents();\r\n\t\t\t\t\t\t\trefWindow = document.getElementById('tdc-live-iframe').contentWindow || document.getElementById('tdc-live-iframe').contentDocument;\r\n\r\n\t\t\t\t\t\t} else {\r\n\t\t\t\t\t\t\t$content = jQuery('body');\r\n\t\t\t\t\t\t\trefWindow = window;\r\n\t\t\t\t\t\t}\r\n\r\n\t\t\t\t\t\t$content.find('#tdi_22 .td-element-style-before').each(function (index, element) {\r\n\t\t\t\t\t\t\tif ('undefined' !== typeof refWindow.td_compute_parallax_background) {\r\n\t\t\t\t\t\t\t\trefWindow.td_compute_parallax_background(element);\r\n\t\t\t\t\t\t\t\treturn;\r\n\t\t\t\t\t\t\t}\r\n\t\t\t\t\t\t});\r\n\r\n\t\t\t\t\t\t$content.find('#tdi_22 .tdc-video-parallax-wrapper').each(function (index, element) {\r\n\t\t\t\t\t\t\tif ( 'undefined' !== typeof refWindow.td_compute_parallax_background ) {\r\n\t\t\t\t\t\t\t\trefWindow.td_compute_parallax_background(element);\r\n\t\t\t\t\t\t\t}\r\n\t\t\t\t\t\t});\r\n\r\n\r\n\t\t\t\t\t\tif ('undefined' !== typeof refWindow.td_compute_parallax_background) {\r\n\t\t\t\t\t\t\trefWindow.tdAnimationScroll.compute_all_items();\r\n\t\t\t\t\t\t}\r\n\t\t\t\t\t});\r\n\r\n\t\t\t\t}, 200);\r\n\t\t\t<\/script>\r\n\r\n\t\t\t<\/div><\/div>","protected":false},"excerpt":{"rendered":"","protected":false},"author":1,"featured_media":0,"parent":0,"menu_order":0,"comment_status":"open","ping_status":"closed","template":"","meta":{"footnotes":""},"_links":{"self":[{"href":"https:\/\/www.taeuber-meistring.de\/index.php?rest_route=\/wp\/v2\/pages\/126"}],"collection":[{"href":"https:\/\/www.taeuber-meistring.de\/index.php?rest_route=\/wp\/v2\/pages"}],"about":[{"href":"https:\/\/www.taeuber-meistring.de\/index.php?rest_route=\/wp\/v2\/types\/page"}],"author":[{"embeddable":true,"href":"https:\/\/www.taeuber-meistring.de\/index.php?rest_route=\/wp\/v2\/users\/1"}],"replies":[{"embeddable":true,"href":"https:\/\/www.taeuber-meistring.de\/index.php?rest_route=%2Fwp%2Fv2%2Fcomments&post=126"}],"version-history":[{"count":62,"href":"https:\/\/www.taeuber-meistring.de\/index.php?rest_route=\/wp\/v2\/pages\/126\/revisions"}],"predecessor-version":[{"id":2272,"href":"https:\/\/www.taeuber-meistring.de\/index.php?rest_route=\/wp\/v2\/pages\/126\/revisions\/2272"}],"wp:attachment":[{"href":"https:\/\/www.taeuber-meistring.de\/index.php?rest_route=%2Fwp%2Fv2%2Fmedia&parent=126"}],"curies":[{"name":"wp","href":"https:\/\/api.w.org\/{rel}","templated":true}]}}