{"id":1405,"date":"2014-09-29T16:54:49","date_gmt":"2014-09-29T14:54:49","guid":{"rendered":"https:\/\/www.taeuber-meistring.de\/?page_id=1405"},"modified":"2020-05-28T09:57:53","modified_gmt":"2020-05-28T07:57:53","slug":"energie","status":"publish","type":"page","link":"https:\/\/www.taeuber-meistring.de\/?page_id=1405","title":{"rendered":"ENERGIE"},"content":{"rendered":"<div id=\"tdi_1\" class=\"tdc-zone\"><div class=\"tdc_zone tdi_2  wpb_row td-pb-row\"  >\n<style scoped>\n\/* custom css - generated by TagDiv Composer *\/\n\n\/* custom css - generated by TagDiv Composer *\/\n\/* custom css - generated by TagDiv Composer *\/\n.tdi_2{\r\n                    min-height: 0;\r\n                }\n<\/style><div id=\"tdi_3\" class=\"tdc-row\"><div class=\"vc_row tdi_4  wpb_row td-pb-row\" >\n<style scoped>\n\/* custom css - generated by TagDiv Composer *\/\n\n\/* custom css - generated by TagDiv Composer *\/\n\/* custom css - generated by TagDiv Composer *\/\n.tdi_4,\r\n                .tdi_4 .tdc-columns{\r\n                    min-height: 0;\r\n                }.tdi_4,\r\n\t\t\t\t.tdi_4 .tdc-columns{\r\n\t\t\t\t    display: block;\r\n\t\t\t\t}.tdi_4 .tdc-columns{\r\n\t\t\t\t    width: 100%;\r\n\t\t\t\t}\n<\/style><div class=\"vc_column tdi_6  wpb_column vc_column_container tdc-column td-pb-span12\">\n<style scoped>\n\/* custom css - generated by TagDiv Composer *\/\n\n\/* custom css - generated by TagDiv Composer *\/\n\/* custom css - generated by TagDiv Composer *\/\n.tdi_6{\r\n                    vertical-align: baseline;\r\n                }.tdi_6 > .wpb_wrapper,\r\n\t\t\t\t.tdi_6 > .wpb_wrapper > .tdc-elements{\r\n\t\t\t\t    display: block;\r\n\t\t\t\t}.tdi_6 > .wpb_wrapper > .tdc-elements{\r\n\t\t\t\t    width: 100%;\r\n\t\t\t\t}.tdi_6 > .wpb_wrapper > .vc_row_inner{\r\n\t\t\t\t    width: auto;\r\n\t\t\t\t}.tdi_6 > .wpb_wrapper{\r\n\t\t\t\t    width: auto;\r\n\t\t\t\t    height: auto;\r\n\t\t\t\t}\n<\/style><div class=\"wpb_wrapper\" ><div class=\"tdm_block td_block_wrap tdm_block_column_title tdi_7 tdm-content-horiz-left td-pb-border-top td_block_template_1\"  data-td-block-uid=\"tdi_7\" >\n<style>\n\/* custom css - generated by TagDiv Composer *\/\n\/* custom css - generated by TagDiv Composer *\/\n.tdm_block_column_title{\r\n                  margin-bottom: 0;\r\n                  display: inline-block;\r\n                  width: 100%;\r\n                }\n<\/style><div class=\"td-block-row\"><div class=\"td-block-span12 tdm-col\">\n<style>\n\/* custom css - generated by TagDiv Composer *\/\n\/* custom css - generated by TagDiv Composer *\/\n.tdi_8 .tdm-title{\r\n\t\t\t\t\ttext-transform:uppercase !important;\r\n\t\t\t\t}\n<\/style><div class=\"tds-title tds-title1 td-fix-index tdi_8 \"><h3 class=\"tdm-title tdm-title-md\">Energie<\/h3><\/div><\/div><\/div><\/div><div class=\"vc_row_inner tdi_10  vc_row vc_inner wpb_row td-pb-row\" >\n<style scoped>\n\/* custom css - generated by TagDiv Composer *\/\n\n\/* custom css - generated by TagDiv Composer *\/\n\/* custom css - generated by TagDiv Composer *\/\n.tdi_10{\r\n                    position: relative !important;\r\n                    top: 0;\r\n                    transform: none;\r\n                    -webkit-transform: none;\r\n                }.tdi_10,\r\n\t\t\t\t.tdi_10 .tdc-inner-columns{\r\n\t\t\t\t    display: block;\r\n\t\t\t\t}.tdi_10 .tdc-inner-columns{\r\n\t\t\t\t    width: 100%;\r\n\t\t\t\t}\n<\/style><div class=\"vc_column_inner tdi_12  wpb_column vc_column_container tdc-inner-column td-pb-span6\">\n<style scoped>\n\/* custom css - generated by TagDiv Composer *\/\n\n\/* custom css - generated by TagDiv Composer *\/\n\/* custom css - generated by TagDiv Composer *\/\n.tdi_12{\r\n                    vertical-align: baseline;\r\n                }.tdi_12 .vc_column-inner > .wpb_wrapper,\r\n\t\t\t\t.tdi_12 .vc_column-inner > .wpb_wrapper .tdc-elements{\r\n\t\t\t\t    display: block;\r\n\t\t\t\t}.tdi_12 .vc_column-inner > .wpb_wrapper .tdc-elements{\r\n\t\t\t\t    width: 100%;\r\n\t\t\t\t}\n<\/style><div class=\"vc_column-inner\"><div class=\"wpb_wrapper\" ><div class=\"wpb_wrapper wpb_text_column td_block_wrap td_block_wrap vc_column_text tdi_13  tagdiv-type td-pb-border-top td_block_template_5\"  data-td-block-uid=\"tdi_13\" >\n<style>\n\/* custom css - generated by TagDiv Composer *\/\n.td_block_template_5 .td-block-title {\r\n                font-size: 16px;\r\n                font-weight: 500;\r\n                margin-top: 0;\r\n                margin-bottom: 26px;\r\n                line-height: 25px;\r\n                color: var(--td_text_header_color, #000);\r\n                text-align: left;\r\n            }\r\n            .td_block_template_5 .td-block-title > * {\r\n                padding: 0 12px;\r\n                border-width: 0 0 0 4px;\r\n                border-style: solid;\r\n                border-color: var(--td_header_color, var(--td_theme_color, #4db2ec));\r\n            }\r\n            .td_block_template_5 .td-subcat-filter,\r\n            .td_block_template_5 .td-subcat-dropdown {\r\n                line-height: 25px;\r\n            }\r\n            @media (max-width: 767px) {\r\n                .td_block_template_5 .td-related-title a {\r\n                    font-size: 15px;\r\n                }\r\n            }\r\n            .td_block_template_5 .td-related-title:last-child {\r\n                border: none;\r\n            }\r\n            .td_block_template_5 .td-related-title .td-cur-simple-item {\r\n                color: var(--td_theme_color, #4db2ec);\r\n            }\n<\/style>\n<style>\n\/* custom css - generated by TagDiv Composer *\/\n\/* custom css - generated by TagDiv Composer *\/\n\n<\/style><div class=\"td-block-title-wrap\"><h4 class=\"td-block-title\"><span class=\"td-pulldown-size\">Energieberatung<\/span><\/h4><\/div><div class=\"td-fix-index\"><p class=\"p1\">Die Welt des energetischen Bauens wird zunehmend komplexer. Rechtliche und technische Anforderungen auf der einen Seite, \u00f6kologische, wirtschaftliche und funktionelle Fragestellungen auf der anderen Seite machen die Umsetzung heutiger Bauvorhaben immer anspruchsvoller.<\/p>\n<p class=\"p1\">Gesetzliche Verordnungen, wie die Energieeinsparverordnung (EnEV 2014), Erneuerbare &#8211; Energien &#8211; W\u00e4rmegesetz (EEW\u00e4rmeG), oder die Vielzahl der F\u00f6rderprogramme, wie KfW Energieeffizient Sanieren-Baubegleitung, KfW Energieeffizient Bauen, erfordern ein Wissen, das Ihnen nur ein kompetenter Partner bieten kann.<\/p>\n<p class=\"p1\">Unser B\u00fcro bietet individuelle Beratung als entscheidende Voraussetzung f\u00fcr den Erfolg einer energieeffizienten Modernisierung bestehender Geb\u00e4ude sowie den Bau von Energieeffizienzh\u00e4usern.<\/p>\n<\/div><\/div><div class=\"wpb_wrapper wpb_text_column td_block_wrap td_block_wrap vc_column_text tdi_14  tagdiv-type td-pb-border-top td_block_template_5\"  data-td-block-uid=\"tdi_14\" >\n<style>\n\/* custom css - generated by TagDiv Composer *\/\n\n<\/style>\n<style>\n\/* custom css - generated by TagDiv Composer *\/\n\/* custom css - generated by TagDiv Composer *\/\n\n<\/style><div class=\"td-block-title-wrap\"><h4 class=\"td-block-title\"><span class=\"td-pulldown-size\">BLOWERDOOR-MESSUNG<\/span><\/h4><\/div><div class=\"td-fix-index\"><h4 class=\"p2\">Gepr\u00fcfte Luftdichtheit der Geb\u00e4udeh\u00fclle<\/h4>\n<p class=\"p2\">Ein essentieller Beitrag zur Steigerung der Energieeffizienz in Geb\u00e4uden und zur Vermeidung von Bausch\u00e4den.<\/p>\n<p class=\"p4\">Die BlowerDoor-Messung ist seit 1998 anerkannte Regel der Technik, die luftdichte Geb\u00e4udeh\u00fclle eine Anforderung der Energieeinsparverordnung (EnEV).<\/p>\n<p class=\"p4\">Sowohl f\u00fcr Neubauten als auch f\u00fcr Bauma\u00dfnahmen im Bestand ist die luftdichte Geb\u00e4udeh\u00fclle eine wichtige Voraussetzung f\u00fcr die Realisation moderner Energiekonzepte und ein wesentlicher Aspekt der Qualit\u00e4tssicherung. Auch bei der Sanierung von Bestandsgeb\u00e4uden kann die luftdichte Ebene realisiert werden, die Voraussetzung f\u00fcr einen modernen Energiestandard oder sogar Passivhausstandard ist.<\/p>\n<p class=\"p4\">Durch eine rechtzeitige Kontrolle der Geb\u00e4udeh\u00fclle k\u00f6nnen Undichtigkeiten ohne gro\u00dfen Aufwand oder Kosten nachgebessert und M\u00e4ngel behoben werden.<\/p>\n<\/div><\/div><\/div><\/div><\/div><div class=\"vc_column_inner tdi_16  wpb_column vc_column_container tdc-inner-column td-pb-span6\">\n<style scoped>\n\/* custom css - generated by TagDiv Composer *\/\n\n\/* custom css - generated by TagDiv Composer *\/\n\/* custom css - generated by TagDiv Composer *\/\n.tdi_16{\r\n                    vertical-align: baseline;\r\n                }.tdi_16 .vc_column-inner > .wpb_wrapper,\r\n\t\t\t\t.tdi_16 .vc_column-inner > .wpb_wrapper .tdc-elements{\r\n\t\t\t\t    display: block;\r\n\t\t\t\t}.tdi_16 .vc_column-inner > .wpb_wrapper .tdc-elements{\r\n\t\t\t\t    width: 100%;\r\n\t\t\t\t}\n<\/style><div class=\"vc_column-inner\"><div class=\"wpb_wrapper\" ><div class=\"wpb_wrapper wpb_text_column td_block_wrap td_block_wrap vc_column_text tdi_17  tagdiv-type td-pb-border-top td_block_template_1\"  data-td-block-uid=\"tdi_17\" >\n<style>\n\n\/* inline tdc_css att - generated by TagDiv Composer *\/\n\n.tdi_17{\npadding-top:45px !important;\n}\n\n<\/style>\n<style>\n\/* custom css - generated by TagDiv Composer *\/\n\/* custom css - generated by TagDiv Composer *\/\n\n<\/style><div class=\"td-block-title-wrap\"><\/div><div class=\"td-fix-index\"><h4>Energieausweise<\/h4>\n<p class=\"p3\">Unser B\u00fcro erstellt bedarfsorientierte und verbrauchsorientierte Energieausweise.<\/p>\n<h4 class=\"p4\"><span class=\"s1\">KfW- <\/span>F\u00f6rdermittelberatung<\/h4>\n<p class=\"p5\">Als eingetragener Energieberater in der Expertenliste der KfW und dena k\u00f6nnen wir ihnen f\u00fcr alle F\u00f6rderprogramme der KfW im Bereich Energieeffizient Bauen und Sanieren Antr\u00e4ge erstellen und die Baubegleitung durchf\u00fchren.<\/p>\n<h4 class=\"p4\">Energetische Baubegleitung<\/h4>\n<p class=\"p6\">Kompetente, energetische Bewertung entsprechend den Anforderungen der KfW-Baubegleitung zum Erhalt des h\u00f6heren F\u00f6rderstandards.<span class=\"s2\"> \u00a0<\/span><\/p>\n<p class=\"p1\">Im Falle eines KfW-Effizienzhaus 40 oder 55 \/ Passivhaus sind Planung und Baubegleitung durch einen Sachverst\u00e4ndigen verbindlich nachzuweisen. Ein Baubegleiter leistet also die Qualit\u00e4tskontrolle und Qualit\u00e4tssicherung am Bau, bei ihm laufen die \u201eenergetischen F\u00e4den\u201c zusammen. Dies gew\u00e4hrleistet, dass Bausch\u00e4den <span class=\"s3\">nicht<\/span> im Nachhinein auftauchen und das Haus auch wirklich energieeffizient <span class=\"s3\">ist.<\/span><\/p>\n<\/div><\/div><div class=\"wpb_wrapper wpb_text_column td_block_wrap td_block_wrap vc_column_text tdi_18  tagdiv-type td-pb-border-top td_block_template_5\"  data-td-block-uid=\"tdi_18\" >\n<style>\n\/* custom css - generated by TagDiv Composer *\/\n\/* custom css - generated by TagDiv Composer *\/\n.tdi_18,\r\n                .tdi_18 p{\r\n\t\t\t        line-height:1.2 !important;\r\n\t\t        }\n<\/style><div class=\"td-block-title-wrap\"><\/div><div class=\"td-fix-index\"><h4>Unser B\u00fcro bietet Ihnen:<\/h4>\n<ul>\n<li class=\"p5\">Baubegleitender Luftdichtheitstest im Beisein der Handwerker zur Leckagesuche<\/li>\n<li class=\"p5\">Ermittlung des n50-Wertes nach DIN EN 13829, DIN 4108-7 und EnEV (Luftwechselrate bei 50 Pa Druckdifferenz) im Unter- und \u00dcberdruckverfahren<\/li>\n<li class=\"p5\">Fotografische Dokumentation der Leckagen<\/li>\n<li class=\"p5\">Auswertung der Messergebnisse incl. Messprotokoll, Zertifikat, Berechnung des Geb\u00e4udevolumens<\/li>\n<\/ul>\n<\/div><\/div><\/div><\/div><\/div><\/div><div class=\"vc_row_inner tdi_20  vc_row vc_inner wpb_row td-pb-row\" >\n<style scoped>\n\/* custom css - generated by TagDiv Composer *\/\n\n\/* custom css - generated by TagDiv Composer *\/\n\/* custom css - generated by TagDiv Composer *\/\n.tdi_20{\r\n                    position: relative !important;\r\n                    top: 0;\r\n                    transform: none;\r\n                    -webkit-transform: none;\r\n                }.tdi_20,\r\n\t\t\t\t.tdi_20 .tdc-inner-columns{\r\n\t\t\t\t    display: block;\r\n\t\t\t\t}.tdi_20 .tdc-inner-columns{\r\n\t\t\t\t    width: 100%;\r\n\t\t\t\t}\n<\/style><div class=\"vc_column_inner tdi_22  wpb_column vc_column_container tdc-inner-column td-pb-span6\">\n<style scoped>\n\/* custom css - generated by TagDiv Composer *\/\n\n\/* custom css - generated by TagDiv Composer *\/\n\/* custom css - generated by TagDiv Composer *\/\n.tdi_22{\r\n                    vertical-align: baseline;\r\n                }.tdi_22 .vc_column-inner > .wpb_wrapper,\r\n\t\t\t\t.tdi_22 .vc_column-inner > .wpb_wrapper .tdc-elements{\r\n\t\t\t\t    display: block;\r\n\t\t\t\t}.tdi_22 .vc_column-inner > .wpb_wrapper .tdc-elements{\r\n\t\t\t\t    width: 100%;\r\n\t\t\t\t}\n<\/style><div class=\"vc_column-inner\"><div class=\"wpb_wrapper\" ><\/div><\/div><\/div><div class=\"vc_column_inner tdi_24  wpb_column vc_column_container tdc-inner-column td-pb-span6\">\n<style scoped>\n\/* custom css - generated by TagDiv Composer *\/\n\n\/* custom css - generated by TagDiv Composer *\/\n\/* custom css - generated by TagDiv Composer *\/\n.tdi_24{\r\n                    vertical-align: baseline;\r\n                }.tdi_24 .vc_column-inner > .wpb_wrapper,\r\n\t\t\t\t.tdi_24 .vc_column-inner > .wpb_wrapper .tdc-elements{\r\n\t\t\t\t    display: block;\r\n\t\t\t\t}.tdi_24 .vc_column-inner > .wpb_wrapper .tdc-elements{\r\n\t\t\t\t    width: 100%;\r\n\t\t\t\t}\n<\/style><div class=\"vc_column-inner\"><div class=\"wpb_wrapper\" ><\/div><\/div><\/div><\/div><\/div><\/div><\/div><\/div>\r\n\t\t\t<script>\r\n\r\n\t\t\t\tjQuery(window).ready(function () {\r\n\r\n\t\t\t\t\t\/\/ We need timeout because the content must be rendered and interpreted on client\r\n\t\t\t\t\tsetTimeout(function () {\r\n\r\n\t\t\t\t\t\tvar $content = jQuery('body').find('#tdc-live-iframe'),\r\n\t\t\t\t\t\t\trefWindow = undefined;\r\n\r\n\t\t\t\t\t\tif ($content.length) {\r\n\t\t\t\t\t\t\t$content = $content.contents();\r\n\t\t\t\t\t\t\trefWindow = document.getElementById('tdc-live-iframe').contentWindow || document.getElementById('tdc-live-iframe').contentDocument;\r\n\r\n\t\t\t\t\t\t} else {\r\n\t\t\t\t\t\t\t$content = jQuery('body');\r\n\t\t\t\t\t\t\trefWindow = window;\r\n\t\t\t\t\t\t}\r\n\r\n\t\t\t\t\t\t$content.find('#tdi_3 .td-element-style-before').each(function (index, element) {\r\n\t\t\t\t\t\t\tif ('undefined' !== typeof refWindow.td_compute_parallax_background) {\r\n\t\t\t\t\t\t\t\trefWindow.td_compute_parallax_background(element);\r\n\t\t\t\t\t\t\t\treturn;\r\n\t\t\t\t\t\t\t}\r\n\t\t\t\t\t\t});\r\n\r\n\t\t\t\t\t\t$content.find('#tdi_3 .tdc-video-parallax-wrapper').each(function (index, element) {\r\n\t\t\t\t\t\t\tif ( 'undefined' !== typeof refWindow.td_compute_parallax_background ) {\r\n\t\t\t\t\t\t\t\trefWindow.td_compute_parallax_background(element);\r\n\t\t\t\t\t\t\t}\r\n\t\t\t\t\t\t});\r\n\r\n\r\n\t\t\t\t\t\tif ('undefined' !== typeof refWindow.td_compute_parallax_background) {\r\n\t\t\t\t\t\t\trefWindow.tdAnimationScroll.compute_all_items();\r\n\t\t\t\t\t\t}\r\n\t\t\t\t\t});\r\n\r\n\t\t\t\t}, 200);\r\n\t\t\t<\/script>\r\n\r\n\t\t\t<div id=\"tdi_25\" class=\"tdc-row\"><div class=\"vc_row tdi_26  wpb_row td-pb-row\" >\n<style scoped>\n\/* custom css - generated by TagDiv Composer *\/\n\n\/* custom css - generated by TagDiv Composer *\/\n\/* custom css - generated by TagDiv Composer *\/\n.tdi_26,\r\n                .tdi_26 .tdc-columns{\r\n                    min-height: 0;\r\n                }.tdi_26,\r\n\t\t\t\t.tdi_26 .tdc-columns{\r\n\t\t\t\t    display: block;\r\n\t\t\t\t}.tdi_26 .tdc-columns{\r\n\t\t\t\t    width: 100%;\r\n\t\t\t\t}\n<\/style><div class=\"vc_column tdi_28  wpb_column vc_column_container tdc-column td-pb-span12\">\n<style scoped>\n\/* custom css - generated by TagDiv Composer *\/\n\n\/* custom css - generated by TagDiv Composer *\/\n\/* custom css - generated by TagDiv Composer *\/\n.tdi_28{\r\n                    vertical-align: baseline;\r\n                }.tdi_28 > .wpb_wrapper,\r\n\t\t\t\t.tdi_28 > .wpb_wrapper > .tdc-elements{\r\n\t\t\t\t    display: block;\r\n\t\t\t\t}.tdi_28 > .wpb_wrapper > .tdc-elements{\r\n\t\t\t\t    width: 100%;\r\n\t\t\t\t}.tdi_28 > .wpb_wrapper > .vc_row_inner{\r\n\t\t\t\t    width: auto;\r\n\t\t\t\t}.tdi_28 > .wpb_wrapper{\r\n\t\t\t\t    width: auto;\r\n\t\t\t\t    height: auto;\r\n\t\t\t\t}\n\/* inline tdc_css att - generated by TagDiv Composer *\/\n\n.tdi_28{\npadding-top:150px !important;\n}\n\n<\/style><div class=\"wpb_wrapper\" ><\/div><\/div><\/div><\/div><div id=\"tdi_29\" class=\"tdc-row\"><div class=\"vc_row tdi_30  wpb_row td-pb-row tdc-element-style\" >\n<style scoped>\n\/* custom css - generated by TagDiv Composer *\/\n\n\/* custom css - generated by TagDiv Composer *\/\n\/* custom css - generated by TagDiv Composer *\/\n.tdi_30,\r\n                .tdi_30 .tdc-columns{\r\n                    min-height: 0;\r\n                }.tdi_30,\r\n\t\t\t\t.tdi_30 .tdc-columns{\r\n\t\t\t\t    display: block;\r\n\t\t\t\t}.tdi_30 .tdc-columns{\r\n\t\t\t\t    width: 100%;\r\n\t\t\t\t}\n\/* inline tdc_css att - generated by TagDiv Composer *\/\n\n.tdi_30{\npadding-bottom:450px !important;\nposition:relative;\n}\n\n.tdi_30 .td_block_wrap{ text-align:left }\n\n<\/style>\n<div class=\"tdi_29_rand_style td-element-style\" ><div class=\"td-element-style-before\"><style>\n\/* custom css - generated by TagDiv Composer *\/\n\n.tdi_29_rand_style > .td-element-style-before {\ncontent:'' !important;\nwidth:100% !important;\nheight:100% !important;\nposition:absolute !important;\ntop:0 !important;\nleft:0 !important;\ndisplay:block !important;\nz-index:0 !important;\nbackground-image:url(\"https:\/\/www.taeuber-meistring.de\/wp-content\/uploads\/2020\/03\/lightbulb-1875247_1920.jpg\") !important;\nbackground-size:cover !important;\nbackground-position:center top !important;\n}\n<\/style><\/div><\/div><div class=\"vc_column tdi_32  wpb_column vc_column_container tdc-column td-pb-span12\">\n<style scoped>\n\/* custom css - generated by TagDiv Composer *\/\n\n\/* custom css - generated by TagDiv Composer *\/\n\/* custom css - generated by TagDiv Composer *\/\n.tdi_32{\r\n                    vertical-align: baseline;\r\n                }.tdi_32 > .wpb_wrapper,\r\n\t\t\t\t.tdi_32 > .wpb_wrapper > .tdc-elements{\r\n\t\t\t\t    display: block;\r\n\t\t\t\t}.tdi_32 > .wpb_wrapper > .tdc-elements{\r\n\t\t\t\t    width: 100%;\r\n\t\t\t\t}.tdi_32 > .wpb_wrapper > .vc_row_inner{\r\n\t\t\t\t    width: auto;\r\n\t\t\t\t}.tdi_32 > .wpb_wrapper{\r\n\t\t\t\t    width: auto;\r\n\t\t\t\t    height: auto;\r\n\t\t\t\t}\n<\/style><div class=\"wpb_wrapper\" ><\/div><\/div><\/div><\/div>\r\n\t\t\t<script>\r\n\r\n\t\t\t\tjQuery(window).ready(function () {\r\n\r\n\t\t\t\t\t\/\/ We need timeout because the content must be rendered and interpreted on client\r\n\t\t\t\t\tsetTimeout(function () {\r\n\r\n\t\t\t\t\t\tvar $content = jQuery('body').find('#tdc-live-iframe'),\r\n\t\t\t\t\t\t\trefWindow = undefined;\r\n\r\n\t\t\t\t\t\tif ($content.length) {\r\n\t\t\t\t\t\t\t$content = $content.contents();\r\n\t\t\t\t\t\t\trefWindow = document.getElementById('tdc-live-iframe').contentWindow || document.getElementById('tdc-live-iframe').contentDocument;\r\n\r\n\t\t\t\t\t\t} else {\r\n\t\t\t\t\t\t\t$content = jQuery('body');\r\n\t\t\t\t\t\t\trefWindow = window;\r\n\t\t\t\t\t\t}\r\n\r\n\t\t\t\t\t\t$content.find('#tdi_29 .td-element-style-before').each(function (index, element) {\r\n\t\t\t\t\t\t\tif ('undefined' !== typeof refWindow.td_compute_parallax_background) {\r\n\t\t\t\t\t\t\t\trefWindow.td_compute_parallax_background(element);\r\n\t\t\t\t\t\t\t\treturn;\r\n\t\t\t\t\t\t\t}\r\n\t\t\t\t\t\t});\r\n\r\n\t\t\t\t\t\t$content.find('#tdi_29 .tdc-video-parallax-wrapper').each(function (index, element) {\r\n\t\t\t\t\t\t\tif ( 'undefined' !== typeof refWindow.td_compute_parallax_background ) {\r\n\t\t\t\t\t\t\t\trefWindow.td_compute_parallax_background(element);\r\n\t\t\t\t\t\t\t}\r\n\t\t\t\t\t\t});\r\n\r\n\r\n\t\t\t\t\t\tif ('undefined' !== typeof refWindow.td_compute_parallax_background) {\r\n\t\t\t\t\t\t\trefWindow.tdAnimationScroll.compute_all_items();\r\n\t\t\t\t\t\t}\r\n\t\t\t\t\t});\r\n\r\n\t\t\t\t}, 200);\r\n\t\t\t<\/script>\r\n\r\n\t\t\t<\/div><\/div>","protected":false},"excerpt":{"rendered":"","protected":false},"author":1,"featured_media":0,"parent":0,"menu_order":0,"comment_status":"closed","ping_status":"closed","template":"","meta":{"footnotes":""},"_links":{"self":[{"href":"https:\/\/www.taeuber-meistring.de\/index.php?rest_route=\/wp\/v2\/pages\/1405"}],"collection":[{"href":"https:\/\/www.taeuber-meistring.de\/index.php?rest_route=\/wp\/v2\/pages"}],"about":[{"href":"https:\/\/www.taeuber-meistring.de\/index.php?rest_route=\/wp\/v2\/types\/page"}],"author":[{"embeddable":true,"href":"https:\/\/www.taeuber-meistring.de\/index.php?rest_route=\/wp\/v2\/users\/1"}],"replies":[{"embeddable":true,"href":"https:\/\/www.taeuber-meistring.de\/index.php?rest_route=%2Fwp%2Fv2%2Fcomments&post=1405"}],"version-history":[{"count":25,"href":"https:\/\/www.taeuber-meistring.de\/index.php?rest_route=\/wp\/v2\/pages\/1405\/revisions"}],"predecessor-version":[{"id":2278,"href":"https:\/\/www.taeuber-meistring.de\/index.php?rest_route=\/wp\/v2\/pages\/1405\/revisions\/2278"}],"wp:attachment":[{"href":"https:\/\/www.taeuber-meistring.de\/index.php?rest_route=%2Fwp%2Fv2%2Fmedia&parent=1405"}],"curies":[{"name":"wp","href":"https:\/\/api.w.org\/{rel}","templated":true}]}}